{"id":31,"date":"2021-02-27T20:25:54","date_gmt":"2021-02-27T19:25:54","guid":{"rendered":"https:\/\/www.jmgeo.at:8443\/?page_id=31"},"modified":"2022-11-26T11:20:01","modified_gmt":"2022-11-26T10:20:01","slug":"31-2","status":"publish","type":"page","link":"https:\/\/www.jmgeo.at\/","title":{"rendered":"Start"},"content":{"rendered":"<p>[et_pb_section fb_built=&#8220;1&#8243; _builder_version=&#8220;4.16&#8243; _module_preset=&#8220;default&#8220; background_color=&#8220;RGBA(0,0,0,0)&#8220; background_enable_image=&#8220;off&#8220; transform_translate_linked=&#8220;off&#8220; width=&#8220;100%&#8220; max_width=&#8220;100%&#8220; min_height=&#8220;1116.7px&#8220; max_height=&#8220;1000px&#8220; custom_margin=&#8220;0px|0px|||false|false&#8220; custom_padding=&#8220;|0px|0px|0px|false|false&#8220; global_colors_info=&#8220;{}&#8220;][et_pb_row column_structure=&#8220;1_3,1_3,1_3&#8243; use_custom_gutter=&#8220;on&#8220; gutter_width=&#8220;2&#8243; _builder_version=&#8220;4.16&#8243; _module_preset=&#8220;default&#8220; width=&#8220;90%&#8220; max_width=&#8220;2560px&#8220; max_width_tablet=&#8220;&#8220; max_width_phone=&#8220;&#8220; max_width_last_edited=&#8220;on|desktop&#8220; module_alignment=&#8220;center&#8220; min_height=&#8220;500px&#8220; height=&#8220;1000px&#8220; max_height=&#8220;600px&#8220; custom_margin=&#8220;-48px|645px|8px|auto||&#8220; custom_padding=&#8220;70px|0px|0px|0px||&#8220; animation_style=&#8220;fold&#8220; global_colors_info=&#8220;{}&#8220;][et_pb_column type=&#8220;1_3&#8243; _builder_version=&#8220;4.16&#8243; _module_preset=&#8220;default&#8220; border_radii=&#8220;on|10px|10px|10px|10px&#8220; global_colors_info=&#8220;{}&#8220;][et_pb_blurb title=&#8220;Aufgabenbereiche&#8220; url=&#8220;@ET-DC@eyJkeW5hbWljIjp0cnVlLCJjb250ZW50IjoicG9zdF9saW5rX3VybF9wYWdlIiwic2V0dGluZ3MiOnsicG9zdF9pZCI6IjYxIn19@&#8220; image=&#8220;https:\/\/www.jmgeo.at\/wp-content\/uploads\/2021\/03\/Marker.png&#8220; image_icon_width=&#8220;90%&#8220; content_max_width=&#8220;1100px&#8220; title_last_edited=&#8220;off|desktop&#8220; _builder_version=&#8220;4.19.1&#8243; _dynamic_attributes=&#8220;url&#8220; _module_preset=&#8220;default&#8220; header_level=&#8220;h2&#8243; header_font=&#8220;|700|||||||&#8220; header_text_align=&#8220;center&#8220; header_text_color=&#8220;#8300E9&#8243; background_color=&#8220;RGBA(0,0,0,0)&#8220; width=&#8220;100%&#8220; max_width=&#8220;100%&#8220; hover_enabled=&#8220;0&#8243; border_radii_image=&#8220;on|5px|5px|5px|5px&#8220; border_width_all_image=&#8220;10px&#8220; border_color_all_image=&#8220;rgba(0,0,0,0.2)&#8220; box_shadow_style_image=&#8220;preset4&#8243; box_shadow_color_image=&#8220;rgba(0,0,0,0.4)&#8220; image_max_width=&#8220;90%&#8220; global_colors_info=&#8220;{}&#8220; title__hover_enabled=&#8220;on|desktop&#8220; title__hover=&#8220;Aufgabenbereiche&#8220; title_text=&#8220;Marker&#8220; sticky_enabled=&#8220;0&#8243;][\/et_pb_blurb][\/et_pb_column][et_pb_column type=&#8220;1_3&#8243; _builder_version=&#8220;4.16&#8243; _module_preset=&#8220;default&#8220; global_colors_info=&#8220;{}&#8220;][et_pb_blurb title=&#8220;Ausr\u00fcstung&#8220; url=&#8220;@ET-DC@eyJkeW5hbWljIjp0cnVlLCJjb250ZW50IjoicG9zdF9saW5rX3VybF9wYWdlIiwic2V0dGluZ3MiOnsicG9zdF9pZCI6IjExOCJ9fQ==@&#8220; image=&#8220;https:\/\/www.jmgeo.at\/wp-content\/uploads\/2021\/03\/Gerate-1.jpg&#8220; content_max_width=&#8220;140px&#8220; _builder_version=&#8220;4.19.1&#8243; _dynamic_attributes=&#8220;url&#8220; _module_preset=&#8220;default&#8220; header_level=&#8220;h2&#8243; header_font=&#8220;|700|||||||&#8220; header_text_align=&#8220;center&#8220; header_text_color=&#8220;#8300E9&#8243; background_color=&#8220;RGBA(0,0,0,0)&#8220; min_height=&#8220;201.5px&#8220; custom_margin=&#8220;0px||-1px|||&#8220; custom_padding=&#8220;||0px|||&#8220; hover_enabled=&#8220;0&#8243; border_radii=&#8220;on|10px|10px|10px|10px&#8220; border_radii_image=&#8220;on|5px|5px|5px|5px&#8220; border_width_all_image=&#8220;10px&#8220; border_color_all_image=&#8220;rgba(0,0,0,0.2)&#8220; box_shadow_style_image=&#8220;preset4&#8243; box_shadow_color_image=&#8220;rgba(0,0,0,0.4)&#8220; global_colors_info=&#8220;{}&#8220; title__hover_enabled=&#8220;on|hover&#8220; content__hover_enabled=&#8220;on|hover&#8220; title__hover=&#8220;Ausr\u00fcstung&#8220; content__hover=&#8220;&#8220; title_text=&#8220;Ger\u00e4te&#8220; sticky_enabled=&#8220;0&#8243;][\/et_pb_blurb][\/et_pb_column][et_pb_column type=&#8220;1_3&#8243; _builder_version=&#8220;4.16&#8243; _module_preset=&#8220;default&#8220; global_colors_info=&#8220;{}&#8220;][et_pb_blurb title=&#8220;Projekte&#8220; url=&#8220;@ET-DC@eyJkeW5hbWljIjp0cnVlLCJjb250ZW50IjoicG9zdF9saW5rX3VybF9wYWdlIiwic2V0dGluZ3MiOnsicG9zdF9pZCI6Ijg0In19@&#8220; image=&#8220;https:\/\/www.jmgeo.at\/wp-content\/uploads\/2021\/03\/View-3.png&#8220; content_max_width=&#8220;164px&#8220; _builder_version=&#8220;4.19.1&#8243; _dynamic_attributes=&#8220;url&#8220; _module_preset=&#8220;default&#8220; header_level=&#8220;h2&#8243; header_font=&#8220;|700|||||||&#8220; header_text_align=&#8220;center&#8220; header_text_color=&#8220;#8300E9&#8243; background_color=&#8220;RGBA(0,0,0,0)&#8220; hover_enabled=&#8220;0&#8243; border_radii=&#8220;on|10px|10px|10px|10px&#8220; border_radii_image=&#8220;on|5px|5px|5px|5px&#8220; border_width_all_image=&#8220;10px&#8220; border_color_all_image=&#8220;rgba(0,0,0,0.2)&#8220; box_shadow_style_image=&#8220;preset4&#8243; box_shadow_color_image=&#8220;rgba(0,0,0,0.4)&#8220; global_colors_info=&#8220;{}&#8220; title__hover_enabled=&#8220;on|hover&#8220; title__hover=&#8220;Projekte&#8220; title_text=&#8220;View 3&#8243; sticky_enabled=&#8220;0&#8243;][\/et_pb_blurb][\/et_pb_column][\/et_pb_row][et_pb_row _builder_version=&#8220;4.16&#8243; _module_preset=&#8220;default&#8220; width=&#8220;50%&#8220; global_colors_info=&#8220;{}&#8220;][et_pb_column type=&#8220;4_4&#8243; _builder_version=&#8220;4.16&#8243; _module_preset=&#8220;default&#8220; global_colors_info=&#8220;{}&#8220;][et_pb_post_slider _builder_version=&#8220;4.16&#8243; _module_preset=&#8220;default&#8220; background_color=&#8220;RGBA(0,0,0,0)&#8220; border_radii=&#8220;on|20px|20px|20px|20px&#8220; global_colors_info=&#8220;{}&#8220;][\/et_pb_post_slider][\/et_pb_column][\/et_pb_row][\/et_pb_section]<\/p>\n","protected":false},"excerpt":{"rendered":"<p>Vermessungsb\u00fcro J\u00fcrgen M\u00fcller<\/p>\n","protected":false},"author":4,"featured_media":0,"parent":0,"menu_order":0,"comment_status":"closed","ping_status":"closed","template":"","meta":{"_et_pb_use_builder":"on","_et_pb_old_content":"","_et_gb_content_width":"","footnotes":""},"class_list":["post-31","page","type-page","status-publish","hentry"],"_links":{"self":[{"href":"https:\/\/www.jmgeo.at\/index.php?rest_route=\/wp\/v2\/pages\/31","targetHints":{"allow":["GET"]}}],"collection":[{"href":"https:\/\/www.jmgeo.at\/index.php?rest_route=\/wp\/v2\/pages"}],"about":[{"href":"https:\/\/www.jmgeo.at\/index.php?rest_route=\/wp\/v2\/types\/page"}],"author":[{"embeddable":true,"href":"https:\/\/www.jmgeo.at\/index.php?rest_route=\/wp\/v2\/users\/4"}],"replies":[{"embeddable":true,"href":"https:\/\/www.jmgeo.at\/index.php?rest_route=%2Fwp%2Fv2%2Fcomments&post=31"}],"version-history":[{"count":79,"href":"https:\/\/www.jmgeo.at\/index.php?rest_route=\/wp\/v2\/pages\/31\/revisions"}],"predecessor-version":[{"id":552,"href":"https:\/\/www.jmgeo.at\/index.php?rest_route=\/wp\/v2\/pages\/31\/revisions\/552"}],"wp:attachment":[{"href":"https:\/\/www.jmgeo.at\/index.php?rest_route=%2Fwp%2Fv2%2Fmedia&parent=31"}],"curies":[{"name":"wp","href":"https:\/\/api.w.org\/{rel}","templated":true}]}}